{"id":6096,"date":"2023-04-26T15:29:00","date_gmt":"2023-04-26T15:29:00","guid":{"rendered":"https:\/\/bardonbenito.com\/?page_id=6096"},"modified":"2023-05-10T10:39:10","modified_gmt":"2023-05-10T10:39:10","slug":"politica-de-privacidad","status":"publish","type":"page","link":"https:\/\/bardonbenito.com\/index.php\/politica-de-privacidad\/","title":{"rendered":"Pol\u00edtica de privacidad"},"content":{"rendered":"\t\t<div data-elementor-type=\"wp-page\" data-elementor-id=\"6096\" class=\"elementor elementor-6096\" data-elementor-post-type=\"page\">\n\t\t\t\t\t\t<section data-custom-animations=\"true\" data-ca-options=\"{&quot;addChildTimelines&quot;:false,&quot;trigger&quot;:&quot;firstChild&quot;,&quot;animationTarget&quot;:&quot;:scope &gt; .elementor-container &gt; .elementor-column&quot;,&quot;ease&quot;:[&quot;power4.out&quot;],&quot;initValues&quot;:{&quot;x&quot;:&quot;-5px&quot;,&quot;y&quot;:&quot;10px&quot;,&quot;opacity&quot;:0,&quot;transformOrigin&quot;:&quot;50% 50% 0px&quot;},&quot;animations&quot;:{&quot;x&quot;:&quot;0px&quot;,&quot;y&quot;:&quot;0px&quot;,&quot;opacity&quot;:1,&quot;transformOrigin&quot;:&quot;50% 50% 0px&quot;}}\" class=\"elementor-section elementor-top-section elementor-element elementor-element-b5be51e elementor-section-boxed elementor-section-height-default elementor-section-height-default\" data-id=\"b5be51e\" data-element_type=\"section\" data-settings=\"{&quot;background_background&quot;:&quot;classic&quot;}\">\n\t\t\t\t\t\t<div class=\"elementor-container elementor-column-gap-no\">\n\t\t\t\t\t<div data-custom-animations=\"true\" data-ca-options=\"{&quot;addChildTimelines&quot;:false,&quot;trigger&quot;:&quot;firstChild&quot;,&quot;animationTarget&quot;:&quot;:scope &gt; .elementor-widget-wrap &gt; .elementor-element &gt; .elementor-widget-container, :scope &gt; .elementor-widget-wrap &gt; .elementor-section &gt; .elementor-container &gt; .elementor-column &gt; .elementor-widget-wrap &gt; .elementor-element:not(.lqd-el-has-inner-anim) &gt; .elementor-widget-container, :scope &gt; .elementor-widget-wrap &gt; .elementor-widget-hub_fancy_heading .lqd-split-lines .lqd-lines .split-inner, :scope &gt; .elementor-widget-wrap &gt; .elementor-widget-hub_fancy_heading .lqd-split-words .lqd-words .split-inner, :scope &gt; .elementor-widget-wrap &gt; .elementor-widget-hub_fancy_heading .lqd-split-chars .lqd-chars .split-inner, :scope &gt; .elementor-widget-wrap &gt; .elementor-widget-ld_custom_menu .lqd-fancy-menu &gt; ul &gt; li&quot;,&quot;startDelay&quot;:200,&quot;ease&quot;:[&quot;power4.out&quot;],&quot;initValues&quot;:{&quot;x&quot;:&quot;-10px&quot;,&quot;y&quot;:&quot;10px&quot;,&quot;opacity&quot;:0,&quot;transformOrigin&quot;:&quot;50% 50% 0px&quot;},&quot;animations&quot;:{&quot;x&quot;:&quot;0px&quot;,&quot;y&quot;:&quot;0px&quot;,&quot;opacity&quot;:1,&quot;transformOrigin&quot;:&quot;50% 50% 0px&quot;}}\" class=\"elementor-column elementor-col-100 elementor-top-column elementor-element elementor-element-719390e\" data-id=\"719390e\" data-element_type=\"column\" data-settings=\"{&quot;background_background&quot;:&quot;classic&quot;}\">\n\t\t\t<div class=\"elementor-widget-wrap elementor-element-populated\">\n\t\t\t\t\t\t<div class=\"elementor-element elementor-element-4365ef1 elementor-widget elementor-widget-hub_fancy_heading\" data-id=\"4365ef1\" data-element_type=\"widget\" data-widget_type=\"hub_fancy_heading.default\">\n\t\t\t\t<div class=\"elementor-widget-container\">\n\t\t\t\t\t\n\t\t<div id=\"ld-fancy-heading-69e4b8f6691cb\" class=\"ld-fancy-heading pos-rel\">\n\t\t\t<h2 class=\"ld-fh-element d-inline-block pos-rel  elementor-heading-title lqd-highlight-classic lqd-highlight-grow-left h2\"  > Pol\u00edtica de Privacidad<\/h2>\t\t<\/div>\n\n\t\t\t\t\t\t<\/div>\n\t\t\t\t<\/div>\n\t\t\t\t<div class=\"elementor-element elementor-element-6db3c91 elementor-widget elementor-widget-text-editor\" data-id=\"6db3c91\" data-element_type=\"widget\" data-widget_type=\"text-editor.default\">\n\t\t\t\t<div class=\"elementor-widget-container\">\n\t\t\t\t\t\t\t\t\t<p><strong><br><\/strong><\/p><p><strong>Confidencialidad y protecci\u00f3n de datos<\/strong><\/p>\n<p><span style=\"font-weight: 400;\">A efecto de lo previsto en el REGLAMENTO (UE) 2016\/679 DEL PARLAMENTO EUROPEO Y DEL CONSEJO de 27 de abril de 2016 y la Ley Org\u00e1nica 3\/2018 de 5 de diciembre (LOPDGDD) (en adelante, \u201cRGPD\u201d) relativo a la protecci\u00f3n de las personas f\u00edsicas en lo que respecta al tratamiento de datos personales y a la libre circulaci\u00f3n de estos datos, Bar De Tapas Don Benito S.L, como responsable del tratamiento, informa al usuario de la existencia de un fichero automatizado de datos de car\u00e1cter personal creado por y para Bar De Tapas Don Benito S.L y bajo su responsabilidad, con la finalidad de realizar el mantenimiento y gesti\u00f3n de la relaci\u00f3n con el usuario, as\u00ed como las labores de informaci\u00f3n. En el momento de la aceptaci\u00f3n de las presentes condiciones generales, Bar De Tapas Don Benito S.L precisar\u00e1 del usuario la recogida de unos datos imprescindibles para la prestaci\u00f3n de sus servicios.<\/span><\/p>\n<p><strong>Registro de ficheros y formularios<\/strong><\/p>\n<p><span style=\"font-weight: 400;\">La cumplimentaci\u00f3n del formulario de registro es obligatoria para acceder y disfrutar de determinados servicios ofrecidos en la web. El no facilitar los datos personales solicitados o el no aceptar la presente pol\u00edtica de protecci\u00f3n de datos supone la imposibilidad de suscribirse, registrarse o participar en cualquiera de las promociones en las que se soliciten datos car\u00e1cter personal. Le informamos que los datos personales que se obtengan como consecuencia de su registro como usuario formaran parte del Registro de Actividades y operaciones de Tratamiento (RAT), que se actualizar\u00e1 peri\u00f3dicamente de acuerdo con lo establecido en el RGPD.<\/span><\/p>\n<p><b>Exactitud y veracidad de los datos facilitados<\/b><\/p>\n<p><span style=\"font-weight: 400;\">El usuario es el \u00fanico responsable de la veracidad y correcci\u00f3n de los datos incluidos, exoner\u00e1ndose Bar De Tapas Don Benito S.L de cualquier responsabilidad al respecto. Los usuarios garantizan y responden, en cualquier caso, de la exactitud, vigencia y autenticidad de los datos personales facilitados, y se comprometen a mantenerlos debidamente actualizados. El usuario acepta proporcionar informaci\u00f3n completa y correcta en el formulario de registro o suscripci\u00f3n.&nbsp;<\/span><\/p>\n<p><span style=\"font-weight: 400;\">Bar De Tapas Don Benito S.L no responde de la veracidad de las informaciones que no sean de elaboraci\u00f3n propia y de las que se indique otra fuente, por lo que tampoco asume responsabilidad alguna en cuanto a hipot\u00e9ticos perjuicios que pudieran originarse por el uso de dicha informaci\u00f3n. Bar De Tapas Don Benito S.L se reserva el derecho a actualizar, modificar o eliminar la informaci\u00f3n contenida en sus p\u00e1ginas web pudiendo incluso limitar o no permitir el acceso a dicha informaci\u00f3n. Se exonera a Bar De Tapas Don Benito S.L de responsabilidad ante cualquier da\u00f1o o perjuicio que pudiera sufrir el usuario como consecuencia de errores, defectos u omisiones, en la informaci\u00f3n facilitada por Bar De Tapas Don Benito S.L siempre que proceda de fuentes ajenas a Bar De Tapas Don Benito S.L.<\/span><\/p>\n<p><b>Cookies<\/b><\/p>\n<p><span style=\"font-weight: 400;\">El sitio web WWW.ARROYOGESTION.ES utiliza cookies, considerando tales ficheros f\u00edsicos de informaci\u00f3n alojados en el propio terminal del usuario y sirven para facilitar la navegaci\u00f3n del usuario por el portal. De todas formas, el usuario tiene la posibilidad de configurar el navegador de tal modo que impida la instalaci\u00f3n de estos archivos.<\/span><\/p>\n<p><b>Finalidades<\/b><\/p>\n<p><span style=\"font-weight: 400;\">Las finalidades de Bar De Tapas Don Benito S.L son exclusivamente el mantenimiento y gesti\u00f3n de la relaci\u00f3n con el usuario, as\u00ed como las labores de informaci\u00f3n. Para fines comerciales y de mejora de la experiencia en l\u00ednea del cliente.<\/span><\/p>\n<p><b>Menores de edad<\/b><\/p>\n<p><span style=\"font-weight: 400;\">En el supuesto que algunos de nuestros servicios vayan dirigidos espec\u00edficamente a menores de edad, Bar De Tapas Don Benito S.L solicitar\u00e1 la conformidad de los padres o tutores para la recogida de los datos personales o, en su caso, para el tratamiento automatizado de los datos.<\/span><\/p>\n<p><b>Datos recabados para la prestaci\u00f3n de un servicio<\/b><\/p>\n<p><span style=\"font-weight: 400;\">Los datos de car\u00e1cter personal que nos facilite para la prestaci\u00f3n de un servicio ser\u00e1n los m\u00ednimos exigibles para poder elaborar el contrato as\u00ed como para poder ofrecerle los servicios que usted contrate y para el cumplimiento de las obligaciones legales.<\/span><\/p>\n<p><span style=\"font-weight: 400;\">Los datos ser\u00e1n conservados durante los plazos legalmente establecidos.<\/span><\/p>\n<p><b>Datos recabados para la solicitud de informaci\u00f3n a trav\u00e9s del formulario web.<\/b><\/p>\n<p><span style=\"font-weight: 400;\">Los datos personales recabados a trav\u00e9s del formulario web para la petici\u00f3n de informaci\u00f3n tienen como finalidad el env\u00edo de informaci\u00f3n comercial sobre nuestros productos y servicios.<\/span><span style=\"font-weight: 400;\"><br><\/span><span style=\"font-weight: 400;\">El tratamiento de los datos en este caso est\u00e1 legitimado por el consentimiento expreso que usted nos presta al aceptar el env\u00edo de la informaci\u00f3n aportada a trav\u00e9s del formulario.<\/span><\/p>\n<p><b>Destinatarios<\/b><\/p>\n<p><span style=\"font-weight: 400;\">Bar De Tapas Don Benito S.L informa a los usuarios de que sus datos personales no ser\u00e1n comunicados a terceros, con la salvedad de que dicha comunicaci\u00f3n de datos este amparada en una obligaci\u00f3n legal o cuando la prestaci\u00f3n de un servicio implique la necesidad de una relaci\u00f3n contractual con un encargado de tratamiento. En este \u00faltimo caso, los destinatarios de sus datos pueden ser:<\/span><\/p>\n<ul>\n<li style=\"font-weight: 400;\" aria-level=\"1\"><span style=\"font-weight: 400;\">Empresas del grupo<\/span><\/li>\n<li style=\"font-weight: 400;\" aria-level=\"1\"><span style=\"font-weight: 400;\">Empresas de solvencia patrimonial (en el caso de impagos, comunicados mediante los procedimientos y garant\u00edas establecidos por la normativa vigente)<\/span><\/li>\n<li style=\"font-weight: 400;\" aria-level=\"1\"><span style=\"font-weight: 400;\">Determinados encargados del tratamiento necesarios para la correcta prestaci\u00f3n de los servicios) Bar De Tapas Don Benito S.L mantiene unos criterios estrictos de selecci\u00f3n de encargados de tratamiento y se compromete contractualmente con cada uno a cumplir y hacer cumplir las obligaciones establecidas en materia de protecci\u00f3n de datos.<\/span><\/li>\n<\/ul><div><br><\/div>\n<p><b>Variaci\u00f3n de los datos<\/b><\/p>\n<p><span style=\"font-weight: 400;\">Mientras no nos comuniquen lo contrario, entenderemos que los datos no han sido modificados y que usted se compromete a notificarnos cualquier variaci\u00f3n.<\/span><\/p><p><span style=\"font-weight: 400;\"><br><\/span><span style=\"font-weight: 400;\">Para cualquier reclamaci\u00f3n puede dirigirse a bardetapasdonbenito@gmail.com Igualmente podr\u00e1 dirigirse a la Agencia Espa\u00f1ola de Protecci\u00f3n de Datos www.agdp.es.<\/span><\/p>\n<p><\/p>\t\t\t\t\t\t\t\t<\/div>\n\t\t\t\t<\/div>\n\t\t\t\t\t<\/div>\n\t\t<\/div>\n\t\t\t\t\t<\/div>\n\t\t<\/section>\n\t\t\t\t<\/div>\n\t\t","protected":false},"excerpt":{"rendered":"<p>Pol\u00edtica de Privacidad Confidencialidad y protecci\u00f3n de datos A efecto de lo previsto en el REGLAMENTO (UE) 2016\/679 DEL PARLAMENTO EUROPEO Y DEL CONSEJO de 27 de abril de 2016 y la Ley Org\u00e1nica 3\/2018 de 5 de diciembre (LOPDGDD) (en adelante, \u201cRGPD\u201d) relativo a la protecci\u00f3n de las personas f\u00edsicas en lo que respecta [&hellip;]<\/p>\n","protected":false},"author":1,"featured_media":0,"parent":0,"menu_order":0,"comment_status":"closed","ping_status":"closed","template":"elementor_theme","meta":{"_joinchat":[],"footnotes":""},"class_list":["post-6096","page","type-page","status-publish","hentry"],"yoast_head":"<!-- This site is optimized with the Yoast SEO plugin v25.4 - https:\/\/yoast.com\/wordpress\/plugins\/seo\/ -->\n<title>Pol\u00edtica de privacidad - Bar Don Benito<\/title>\n<meta name=\"robots\" content=\"index, follow, max-snippet:-1, max-image-preview:large, max-video-preview:-1\" \/>\n<link rel=\"canonical\" href=\"https:\/\/bardonbenito.com\/index.php\/politica-de-privacidad\/\" \/>\n<meta property=\"og:locale\" content=\"es_ES\" \/>\n<meta property=\"og:type\" content=\"article\" \/>\n<meta property=\"og:title\" content=\"Pol\u00edtica de privacidad - Bar Don Benito\" \/>\n<meta property=\"og:description\" content=\"Pol\u00edtica de Privacidad Confidencialidad y protecci\u00f3n de datos A efecto de lo previsto en el REGLAMENTO (UE) 2016\/679 DEL PARLAMENTO EUROPEO Y DEL CONSEJO de 27 de abril de 2016 y la Ley Org\u00e1nica 3\/2018 de 5 de diciembre (LOPDGDD) (en adelante, \u201cRGPD\u201d) relativo a la protecci\u00f3n de las personas f\u00edsicas en lo que respecta [&hellip;]\" \/>\n<meta property=\"og:url\" content=\"https:\/\/bardonbenito.com\/index.php\/politica-de-privacidad\/\" \/>\n<meta property=\"og:site_name\" content=\"Bar Don Benito\" \/>\n<meta property=\"article:modified_time\" content=\"2023-05-10T10:39:10+00:00\" \/>\n<meta name=\"twitter:card\" content=\"summary_large_image\" \/>\n<meta name=\"twitter:label1\" content=\"Tiempo de lectura\" \/>\n\t<meta name=\"twitter:data1\" content=\"5 minutos\" \/>\n<script type=\"application\/ld+json\" class=\"yoast-schema-graph\">{\"@context\":\"https:\/\/schema.org\",\"@graph\":[{\"@type\":\"WebPage\",\"@id\":\"https:\/\/bardonbenito.com\/index.php\/politica-de-privacidad\/\",\"url\":\"https:\/\/bardonbenito.com\/index.php\/politica-de-privacidad\/\",\"name\":\"Pol\u00edtica de privacidad - Bar Don Benito\",\"isPartOf\":{\"@id\":\"https:\/\/bardonbenito.com\/#website\"},\"datePublished\":\"2023-04-26T15:29:00+00:00\",\"dateModified\":\"2023-05-10T10:39:10+00:00\",\"breadcrumb\":{\"@id\":\"https:\/\/bardonbenito.com\/index.php\/politica-de-privacidad\/#breadcrumb\"},\"inLanguage\":\"es\",\"potentialAction\":[{\"@type\":\"ReadAction\",\"target\":[\"https:\/\/bardonbenito.com\/index.php\/politica-de-privacidad\/\"]}]},{\"@type\":\"BreadcrumbList\",\"@id\":\"https:\/\/bardonbenito.com\/index.php\/politica-de-privacidad\/#breadcrumb\",\"itemListElement\":[{\"@type\":\"ListItem\",\"position\":1,\"name\":\"Portada\",\"item\":\"https:\/\/bardonbenito.com\/\"},{\"@type\":\"ListItem\",\"position\":2,\"name\":\"Pol\u00edtica de privacidad\"}]},{\"@type\":\"WebSite\",\"@id\":\"https:\/\/bardonbenito.com\/#website\",\"url\":\"https:\/\/bardonbenito.com\/\",\"name\":\"Bar Don Benito\",\"description\":\"Bar de Tapas en Madrid y C\u00e1diz\",\"potentialAction\":[{\"@type\":\"SearchAction\",\"target\":{\"@type\":\"EntryPoint\",\"urlTemplate\":\"https:\/\/bardonbenito.com\/?s={search_term_string}\"},\"query-input\":{\"@type\":\"PropertyValueSpecification\",\"valueRequired\":true,\"valueName\":\"search_term_string\"}}],\"inLanguage\":\"es\"}]}<\/script>\n<!-- \/ Yoast SEO plugin. -->","yoast_head_json":{"title":"Pol\u00edtica de privacidad - Bar Don Benito","robots":{"index":"index","follow":"follow","max-snippet":"max-snippet:-1","max-image-preview":"max-image-preview:large","max-video-preview":"max-video-preview:-1"},"canonical":"https:\/\/bardonbenito.com\/index.php\/politica-de-privacidad\/","og_locale":"es_ES","og_type":"article","og_title":"Pol\u00edtica de privacidad - Bar Don Benito","og_description":"Pol\u00edtica de Privacidad Confidencialidad y protecci\u00f3n de datos A efecto de lo previsto en el REGLAMENTO (UE) 2016\/679 DEL PARLAMENTO EUROPEO Y DEL CONSEJO de 27 de abril de 2016 y la Ley Org\u00e1nica 3\/2018 de 5 de diciembre (LOPDGDD) (en adelante, \u201cRGPD\u201d) relativo a la protecci\u00f3n de las personas f\u00edsicas en lo que respecta [&hellip;]","og_url":"https:\/\/bardonbenito.com\/index.php\/politica-de-privacidad\/","og_site_name":"Bar Don Benito","article_modified_time":"2023-05-10T10:39:10+00:00","twitter_card":"summary_large_image","twitter_misc":{"Tiempo de lectura":"5 minutos"},"schema":{"@context":"https:\/\/schema.org","@graph":[{"@type":"WebPage","@id":"https:\/\/bardonbenito.com\/index.php\/politica-de-privacidad\/","url":"https:\/\/bardonbenito.com\/index.php\/politica-de-privacidad\/","name":"Pol\u00edtica de privacidad - Bar Don Benito","isPartOf":{"@id":"https:\/\/bardonbenito.com\/#website"},"datePublished":"2023-04-26T15:29:00+00:00","dateModified":"2023-05-10T10:39:10+00:00","breadcrumb":{"@id":"https:\/\/bardonbenito.com\/index.php\/politica-de-privacidad\/#breadcrumb"},"inLanguage":"es","potentialAction":[{"@type":"ReadAction","target":["https:\/\/bardonbenito.com\/index.php\/politica-de-privacidad\/"]}]},{"@type":"BreadcrumbList","@id":"https:\/\/bardonbenito.com\/index.php\/politica-de-privacidad\/#breadcrumb","itemListElement":[{"@type":"ListItem","position":1,"name":"Portada","item":"https:\/\/bardonbenito.com\/"},{"@type":"ListItem","position":2,"name":"Pol\u00edtica de privacidad"}]},{"@type":"WebSite","@id":"https:\/\/bardonbenito.com\/#website","url":"https:\/\/bardonbenito.com\/","name":"Bar Don Benito","description":"Bar de Tapas en Madrid y C\u00e1diz","potentialAction":[{"@type":"SearchAction","target":{"@type":"EntryPoint","urlTemplate":"https:\/\/bardonbenito.com\/?s={search_term_string}"},"query-input":{"@type":"PropertyValueSpecification","valueRequired":true,"valueName":"search_term_string"}}],"inLanguage":"es"}]}},"_links":{"self":[{"href":"https:\/\/bardonbenito.com\/index.php\/wp-json\/wp\/v2\/pages\/6096","targetHints":{"allow":["GET"]}}],"collection":[{"href":"https:\/\/bardonbenito.com\/index.php\/wp-json\/wp\/v2\/pages"}],"about":[{"href":"https:\/\/bardonbenito.com\/index.php\/wp-json\/wp\/v2\/types\/page"}],"author":[{"embeddable":true,"href":"https:\/\/bardonbenito.com\/index.php\/wp-json\/wp\/v2\/users\/1"}],"replies":[{"embeddable":true,"href":"https:\/\/bardonbenito.com\/index.php\/wp-json\/wp\/v2\/comments?post=6096"}],"version-history":[{"count":22,"href":"https:\/\/bardonbenito.com\/index.php\/wp-json\/wp\/v2\/pages\/6096\/revisions"}],"predecessor-version":[{"id":6220,"href":"https:\/\/bardonbenito.com\/index.php\/wp-json\/wp\/v2\/pages\/6096\/revisions\/6220"}],"wp:attachment":[{"href":"https:\/\/bardonbenito.com\/index.php\/wp-json\/wp\/v2\/media?parent=6096"}],"curies":[{"name":"wp","href":"https:\/\/api.w.org\/{rel}","templated":true}]}}